{"id":396,"date":"2025-03-04T19:31:00","date_gmt":"2025-03-04T18:31:00","guid":{"rendered":"https:\/\/leparfumsecretshop.com\/?page_id=396"},"modified":"2025-03-04T19:40:48","modified_gmt":"2025-03-04T18:40:48","slug":"subir-y-compartir","status":"publish","type":"page","link":"https:\/\/leparfumsecretshop.com\/index.php\/subir-y-compartir\/","title":{"rendered":"Subir y compartir"},"content":{"rendered":"<p class=\"error\">Debes estar conectado para subir\/gestionar los archivos<\/p>\n\n\n\n<figure class=\"wp-block-image size-large is-resized\"><img data-recalc-dims=\"1\" fetchpriority=\"high\" decoding=\"async\" width=\"573\" height=\"1024\" src=\"https:\/\/i0.wp.com\/leparfumsecretshop.com\/wp-content\/uploads\/2023\/05\/Beauty-Set-02.jpg?resize=573%2C1024\" alt=\"\" class=\"wp-image-287\" style=\"width:398px;height:auto\" srcset=\"https:\/\/i0.wp.com\/leparfumsecretshop.com\/wp-content\/uploads\/2023\/05\/Beauty-Set-02-scaled.jpg?resize=573%2C1024&amp;ssl=1 573w, https:\/\/i0.wp.com\/leparfumsecretshop.com\/wp-content\/uploads\/2023\/05\/Beauty-Set-02-scaled.jpg?resize=168%2C300&amp;ssl=1 168w, https:\/\/i0.wp.com\/leparfumsecretshop.com\/wp-content\/uploads\/2023\/05\/Beauty-Set-02-scaled.jpg?resize=768%2C1374&amp;ssl=1 768w, https:\/\/i0.wp.com\/leparfumsecretshop.com\/wp-content\/uploads\/2023\/05\/Beauty-Set-02-scaled.jpg?resize=859%2C1536&amp;ssl=1 859w, https:\/\/i0.wp.com\/leparfumsecretshop.com\/wp-content\/uploads\/2023\/05\/Beauty-Set-02-scaled.jpg?resize=1145%2C2048&amp;ssl=1 1145w, https:\/\/i0.wp.com\/leparfumsecretshop.com\/wp-content\/uploads\/2023\/05\/Beauty-Set-02-scaled.jpg?resize=1320%2C2361&amp;ssl=1 1320w, https:\/\/i0.wp.com\/leparfumsecretshop.com\/wp-content\/uploads\/2023\/05\/Beauty-Set-02-scaled.jpg?resize=600%2C1073&amp;ssl=1 600w, https:\/\/i0.wp.com\/leparfumsecretshop.com\/wp-content\/uploads\/2023\/05\/Beauty-Set-02-scaled.jpg?w=1431&amp;ssl=1 1431w\" sizes=\"(max-width: 573px) 100vw, 573px\" \/><\/figure>\n\n\n\n<h2 class=\"wp-block-heading\">Subir tus archivos<\/h2>\n\n\n\n<h2 class=\"wp-block-heading\">Archivos compartidos por otros usuarios<\/h2>\n\n\n\n\n\n\n<p><\/p>\n","protected":false},"excerpt":{"rendered":"<p>Subir tus archivos Archivos compartidos por otros usuarios<\/p>\n","protected":false},"author":1,"featured_media":0,"parent":0,"menu_order":0,"comment_status":"closed","ping_status":"closed","template":"","meta":{"_eb_attr":"","om_disable_all_campaigns":false,"_monsterinsights_skip_tracking":false,"_monsterinsights_sitenote_active":false,"_monsterinsights_sitenote_note":"","_monsterinsights_sitenote_category":0,"site-sidebar-layout":"default","site-content-layout":"","ast-site-content-layout":"default","site-content-style":"default","site-sidebar-style":"default","ast-global-header-display":"","ast-banner-title-visibility":"","ast-main-header-display":"","ast-hfb-above-header-display":"","ast-hfb-below-header-display":"","ast-hfb-mobile-header-display":"","site-post-title":"","ast-breadcrumbs-content":"","ast-featured-img":"","footer-sml-layout":"","ast-disable-related-posts":"","theme-transparent-header-meta":"","adv-header-id-meta":"","stick-header-meta":"","header-above-stick-meta":"","header-main-stick-meta":"","header-below-stick-meta":"","astra-migrate-meta-layouts":"set","ast-page-background-enabled":"default","ast-page-background-meta":{"desktop":{"background-color":"var(--ast-global-color-4)","background-image":"","background-repeat":"repeat","background-position":"center center","background-size":"auto","background-attachment":"scroll","background-type":"","background-media":"","overlay-type":"","overlay-color":"","overlay-opacity":"","overlay-gradient":""},"tablet":{"background-color":"","background-image":"","background-repeat":"repeat","background-position":"center center","background-size":"auto","background-attachment":"scroll","background-type":"","background-media":"","overlay-type":"","overlay-color":"","overlay-opacity":"","overlay-gradient":""},"mobile":{"background-color":"","background-image":"","background-repeat":"repeat","background-position":"center center","background-size":"auto","background-attachment":"scroll","background-type":"","background-media":"","overlay-type":"","overlay-color":"","overlay-opacity":"","overlay-gradient":""}},"ast-content-background-meta":{"desktop":{"background-color":"var(--ast-global-color-5)","background-image":"","background-repeat":"repeat","background-position":"center center","background-size":"auto","background-attachment":"scroll","background-type":"","background-media":"","overlay-type":"","overlay-color":"","overlay-opacity":"","overlay-gradient":""},"tablet":{"background-color":"var(--ast-global-color-5)","background-image":"","background-repeat":"repeat","background-position":"center center","background-size":"auto","background-attachment":"scroll","background-type":"","background-media":"","overlay-type":"","overlay-color":"","overlay-opacity":"","overlay-gradient":""},"mobile":{"background-color":"var(--ast-global-color-5)","background-image":"","background-repeat":"repeat","background-position":"center center","background-size":"auto","background-attachment":"scroll","background-type":"","background-media":"","overlay-type":"","overlay-color":"","overlay-opacity":"","overlay-gradient":""}},"_joinchat":[],"footnotes":""},"class_list":["post-396","page","type-page","status-publish","hentry"],"aioseo_notices":[],"jetpack-related-posts":[{"id":3,"url":"https:\/\/leparfumsecretshop.com\/index.php\/politica-privacidad\/","url_meta":{"origin":396,"position":0},"title":"Pol\u00edtica de privacidad","author":"shop.leparfumsecret@gmail.com","date":"20 de mayo de 2023","format":false,"excerpt":"Qui\u00e9nes somos Texto sugerido: Somos distribuidores oficiales de una empresa espa\u00f1ola con sede en Valencia, que elabora perfumes propios y todo tipo de cosm\u00e9tica y belleza 100% natural. La direcci\u00f3n de nuestra web es: www.leparfumsecretshop.com Comentarios Texto sugerido: Cuando los visitantes dejan comentarios en la web, recopilamos los datos que\u2026","rel":"","context":"Entrada similar","block_context":{"text":"Entrada similar","link":""},"img":{"alt_text":"","src":"","width":0,"height":0},"classes":[]}],"jetpack_sharing_enabled":true,"_links":{"self":[{"href":"https:\/\/leparfumsecretshop.com\/index.php\/wp-json\/wp\/v2\/pages\/396","targetHints":{"allow":["GET"]}}],"collection":[{"href":"https:\/\/leparfumsecretshop.com\/index.php\/wp-json\/wp\/v2\/pages"}],"about":[{"href":"https:\/\/leparfumsecretshop.com\/index.php\/wp-json\/wp\/v2\/types\/page"}],"author":[{"embeddable":true,"href":"https:\/\/leparfumsecretshop.com\/index.php\/wp-json\/wp\/v2\/users\/1"}],"replies":[{"embeddable":true,"href":"https:\/\/leparfumsecretshop.com\/index.php\/wp-json\/wp\/v2\/comments?post=396"}],"version-history":[{"count":4,"href":"https:\/\/leparfumsecretshop.com\/index.php\/wp-json\/wp\/v2\/pages\/396\/revisions"}],"predecessor-version":[{"id":404,"href":"https:\/\/leparfumsecretshop.com\/index.php\/wp-json\/wp\/v2\/pages\/396\/revisions\/404"}],"wp:attachment":[{"href":"https:\/\/leparfumsecretshop.com\/index.php\/wp-json\/wp\/v2\/media?parent=396"}],"curies":[{"name":"wp","href":"https:\/\/api.w.org\/{rel}","templated":true}]}}